{"id":197,"date":"2026-01-30T17:32:03","date_gmt":"2026-01-30T17:32:03","guid":{"rendered":"http:\/\/turhanteknik.com\/hakkimizda\/"},"modified":"2026-02-10T23:41:30","modified_gmt":"2026-02-10T23:41:30","slug":"hakkimizda","status":"publish","type":"page","link":"https:\/\/turhanteknik.com\/en\/hakkimizda\/","title":{"rendered":"Turhan Teknik: Altyap\u0131dan Zirveye, G\u00fcven ve Kalite"},"content":{"rendered":"\n<div class=\"wp-block-group alignfull is-style-ext-preset--group--natural-1--section has-background-background-color has-background has-global-padding is-layout-constrained wp-container-core-group-is-layout-6714b1d7 wp-block-group-is-layout-constrained\" id=\"hakkimizda\" style=\"margin-top:0;margin-bottom:0;padding-top:var(--wp--preset--spacing--70);padding-bottom:var(--wp--preset--spacing--70)\">\n<div class=\"wp-block-group alignwide is-vertical is-content-justification-center is-layout-flex wp-container-core-group-is-layout-c9ee0c5a wp-block-group-is-layout-flex\">\n<div class=\"wp-block-group has-global-padding is-layout-constrained wp-container-core-group-is-layout-2287c683 wp-block-group-is-layout-constrained\">\n<h2 class=\"wp-block-heading has-text-align-center\">Dayan\u0131kl\u0131 ve Estetik Plastik Borular<\/h2>\n\n\n\n<p class=\"has-text-align-center\">Turhan Teknik olarak, kaliteli \u00fcr\u00fcn ve m\u00fc\u015fteri memnuniyetini \u00f6n planda tutuyoruz. Plastik boru ve bayrak dire\u011fi alan\u0131nda g\u00fcvenilir \u00e7\u00f6z\u00fcmler sunmay\u0131 ama\u00e7l\u0131yoruz.<\/p>\n<\/div>\n<\/div>\n\n\n\n<div class=\"wp-block-columns alignwide is-layout-flex wp-container-core-columns-is-layout-28f84493 wp-block-columns-is-layout-flex\">\n<div class=\"wp-block-column is-layout-flow wp-block-column-is-layout-flow\">\n<figure class=\"wp-block-gallery has-nested-images columns-default is-cropped wp-block-gallery-3 is-layout-flex wp-block-gallery-is-layout-flex\">\n<figure data-wp-context=\"{&quot;imageId&quot;:&quot;69e76dc0afc5d&quot;}\" data-wp-interactive=\"core\/image\" data-wp-key=\"69e76dc0afc5d\" class=\"wp-block-image aligncenter size-large is-style-ext-preset-image-natural-1-image-1--content-bottom is-style-ext-preset--image--natural-1--image-1--content-bottom extendify-image-import is-style-ext-preset--image--natural-1--image-1--content-bottom--2 wp-lightbox-container\"><img loading=\"lazy\" decoding=\"async\" width=\"1024\" height=\"498\" data-wp-class--hide=\"state.isContentHidden\" data-wp-class--show=\"state.isContentVisible\" data-wp-init=\"callbacks.setButtonStyles\" data-wp-on--click=\"actions.showLightbox\" data-wp-on--load=\"callbacks.setButtonStyles\" data-wp-on-window--resize=\"callbacks.setButtonStyles\" data-id=\"263\" src=\"https:\/\/turhanteknik.com\/wp-content\/uploads\/2026\/02\/mutlu-usta-fotosu-1-1024x498.png\" alt=\"\" class=\"wp-image-263\" style=\"object-fit:cover\" srcset=\"https:\/\/turhanteknik.com\/wp-content\/uploads\/2026\/02\/mutlu-usta-fotosu-1-1024x498.png 1024w, https:\/\/turhanteknik.com\/wp-content\/uploads\/2026\/02\/mutlu-usta-fotosu-1-300x146.png 300w, https:\/\/turhanteknik.com\/wp-content\/uploads\/2026\/02\/mutlu-usta-fotosu-1-768x374.png 768w, https:\/\/turhanteknik.com\/wp-content\/uploads\/2026\/02\/mutlu-usta-fotosu-1-1536x747.png 1536w, https:\/\/turhanteknik.com\/wp-content\/uploads\/2026\/02\/mutlu-usta-fotosu-1-2048x996.png 2048w, https:\/\/turhanteknik.com\/wp-content\/uploads\/2026\/02\/mutlu-usta-fotosu-1-18x9.png 18w\" sizes=\"auto, (max-width: 1024px) 100vw, 1024px\" \/><button\n\t\t\tclass=\"lightbox-trigger\"\n\t\t\ttype=\"button\"\n\t\t\taria-haspopup=\"dialog\"\n\t\t\taria-label=\"Enlarge\"\n\t\t\tdata-wp-init=\"callbacks.initTriggerButton\"\n\t\t\tdata-wp-on--click=\"actions.showLightbox\"\n\t\t\tdata-wp-style--right=\"state.imageButtonRight\"\n\t\t\tdata-wp-style--top=\"state.imageButtonTop\"\n\t\t>\n\t\t\t<svg xmlns=\"http:\/\/www.w3.org\/2000\/svg\" width=\"12\" height=\"12\" fill=\"none\" viewBox=\"0 0 12 12\">\n\t\t\t\t<path fill=\"#fff\" d=\"M2 0a2 2 0 0 0-2 2v2h1.5V2a.5.5 0 0 1 .5-.5h2V0H2Zm2 10.5H2a.5.5 0 0 1-.5-.5V8H0v2a2 2 0 0 0 2 2h2v-1.5ZM8 12v-1.5h2a.5.5 0 0 0 .5-.5V8H12v2a2 2 0 0 1-2 2H8Zm2-12a2 2 0 0 1 2 2v2h-1.5V2a.5.5 0 0 0-.5-.5H8V0h2Z\" \/>\n\t\t\t<\/svg>\n\t\t<\/button><\/figure>\n<\/figure>\n<\/div>\n<\/div>\n<\/div>\n\n\n\n<div class=\"wp-block-group alignfull is-style-ext-preset--group--natural-1--section has-tertiary-background-color has-background has-global-padding is-layout-constrained wp-container-core-group-is-layout-e955bbaf wp-block-group-is-layout-constrained\" style=\"margin-top:0;margin-bottom:0;padding-top:var(--wp--preset--spacing--70);padding-bottom:var(--wp--preset--spacing--70)\">\n<div class=\"wp-block-columns alignwide is-layout-flex wp-container-core-columns-is-layout-28f84493 wp-block-columns-is-layout-flex\">\n<div class=\"wp-block-column is-layout-flow wp-block-column-is-layout-flow\">\n<div class=\"wp-block-group alignwide is-vertical is-content-justification-left is-layout-flex wp-container-core-group-is-layout-214d3d4d wp-block-group-is-layout-flex\">\n<div class=\"wp-block-group has-global-padding is-layout-constrained wp-container-core-group-is-layout-2287c683 wp-block-group-is-layout-constrained\">\n<h2 class=\"wp-block-heading has-text-align-left\">Kaliteli Plastik ve Masa Bayrak Direkleri<\/h2>\n\n\n\n<p class=\"has-text-align-left\">Turhan Teknik olarak plastik boru ve bayrak dire\u011fi \u00fcr\u00fcnlerimizi detayl\u0131 inceleyebilir, ihtiya\u00e7lar\u0131n\u0131za uygun \u00e7\u00f6z\u00fcmler i\u00e7in bizimle ileti\u015fime ge\u00e7ebilirsiniz.<\/p>\n<\/div>\n<\/div>\n<\/div>\n\n\n\n<div class=\"wp-block-column is-layout-flow wp-block-column-is-layout-flow\" style=\"flex-basis:210px\"><\/div>\n<\/div>\n\n\n\n<div class=\"wp-block-columns alignwide is-layout-flex wp-container-core-columns-is-layout-28f84493 wp-block-columns-is-layout-flex\">\n<div class=\"wp-block-column is-vertically-aligned-stretch is-layout-flow wp-block-column-is-layout-flow\">\n<div class=\"wp-block-group is-style-ext-preset--group--natural-1--item-card-1--align-start has-background-background-color has-background is-vertical is-content-justification-stretch is-layout-flex wp-container-core-group-is-layout-4cb539e6 wp-block-group-is-layout-flex is-style-ext-preset--group--natural-1--item-card-1--align-start--5\" style=\"min-height:100%;padding-top:0;padding-right:0;padding-bottom:0;padding-left:0\">\n<figure class=\"wp-block-gallery has-nested-images columns-default is-cropped wp-block-gallery-6 is-layout-flex wp-block-gallery-is-layout-flex\">\n<figure class=\"wp-block-image size-large extendify-image-import\"><img loading=\"lazy\" decoding=\"async\" width=\"1024\" height=\"498\" data-id=\"264\" src=\"https:\/\/turhanteknik.com\/wp-content\/uploads\/2026\/02\/boru-kesen-usta-1024x498.png\" alt=\"\" class=\"wp-image-264\" style=\"object-fit:cover\" srcset=\"https:\/\/turhanteknik.com\/wp-content\/uploads\/2026\/02\/boru-kesen-usta-1024x498.png 1024w, https:\/\/turhanteknik.com\/wp-content\/uploads\/2026\/02\/boru-kesen-usta-300x146.png 300w, https:\/\/turhanteknik.com\/wp-content\/uploads\/2026\/02\/boru-kesen-usta-768x374.png 768w, https:\/\/turhanteknik.com\/wp-content\/uploads\/2026\/02\/boru-kesen-usta-1536x747.png 1536w, https:\/\/turhanteknik.com\/wp-content\/uploads\/2026\/02\/boru-kesen-usta-2048x996.png 2048w, https:\/\/turhanteknik.com\/wp-content\/uploads\/2026\/02\/boru-kesen-usta-18x9.png 18w\" sizes=\"auto, (max-width: 1024px) 100vw, 1024px\" \/><\/figure>\n<\/figure>\n<\/div>\n<\/div>\n<\/div>\n<\/div>\n\n\n\n<div class=\"wp-block-group alignfull is-style-ext-preset--group--natural-1--section has-background-background-color has-background has-global-padding is-layout-constrained wp-block-group-is-layout-constrained\" id=\"iletisim\" style=\"margin-top:0;margin-bottom:0;padding-top:var(--wp--preset--spacing--70);padding-bottom:var(--wp--preset--spacing--70)\">\n<div class=\"wp-block-media-text alignwide is-stacked-on-mobile is-image-fill-element extendify-image-import is-style-ext-preset--media-text--natural-1--card-1 has-tertiary-background-color has-background is-style-ext-preset--media-text--natural-1--card-1--8\" style=\"grid-template-columns:48% auto\"><figure class=\"wp-block-media-text__media\"><img loading=\"lazy\" decoding=\"async\" width=\"1024\" height=\"1024\" src=\"https:\/\/turhanteknik.com\/wp-content\/uploads\/2026\/02\/Gemini_Generated_Image_r21v0qr21v0qr21v-1024x1024.png\" alt=\"\" class=\"wp-image-265 size-full\" style=\"object-position:50% 50%\" srcset=\"https:\/\/turhanteknik.com\/wp-content\/uploads\/2026\/02\/Gemini_Generated_Image_r21v0qr21v0qr21v-1024x1024.png 1024w, https:\/\/turhanteknik.com\/wp-content\/uploads\/2026\/02\/Gemini_Generated_Image_r21v0qr21v0qr21v-300x300.png 300w, https:\/\/turhanteknik.com\/wp-content\/uploads\/2026\/02\/Gemini_Generated_Image_r21v0qr21v0qr21v-150x150.png 150w, https:\/\/turhanteknik.com\/wp-content\/uploads\/2026\/02\/Gemini_Generated_Image_r21v0qr21v0qr21v-768x768.png 768w, https:\/\/turhanteknik.com\/wp-content\/uploads\/2026\/02\/Gemini_Generated_Image_r21v0qr21v0qr21v-1536x1536.png 1536w, https:\/\/turhanteknik.com\/wp-content\/uploads\/2026\/02\/Gemini_Generated_Image_r21v0qr21v0qr21v-12x12.png 12w, https:\/\/turhanteknik.com\/wp-content\/uploads\/2026\/02\/Gemini_Generated_Image_r21v0qr21v0qr21v.png 2048w\" sizes=\"auto, (max-width: 1024px) 100vw, 1024px\" \/><\/figure><div class=\"wp-block-media-text__content\">\n<div class=\"wp-block-group alignwide has-global-padding is-layout-constrained wp-container-core-group-is-layout-48493932 wp-block-group-is-layout-constrained\" style=\"padding-top:var(--wp--preset--spacing--55);padding-right:var(--wp--preset--spacing--55);padding-bottom:var(--wp--preset--spacing--55);padding-left:var(--wp--preset--spacing--55)\">\n<h2 class=\"wp-block-heading\">\u00d6zel \u00dcretim Talepleriniz \u0130\u00e7in Bize Yaz\u0131n<\/h2>\n\n\n<div class=\"wpforms-container wpforms-block wpforms-block-406c62bf-d413-4f54-9e34-6ea96a36e1dd wpforms-render-modern\" id=\"wpforms-44\"><form id=\"wpforms-form-44\" class=\"wpforms-validate wpforms-form wpforms-ajax-form\" data-formid=\"44\" method=\"post\" enctype=\"multipart\/form-data\" action=\"\/en\/wp-json\/wp\/v2\/pages\/197\" data-token=\"5b33770e7fda383aba0be504fc17616d\" data-token-time=\"1776774592\"><noscript class=\"wpforms-error-noscript\">Please enable JavaScript in your browser to complete this form.<\/noscript><div id=\"wpforms-error-noscript\" style=\"display: none;\">Please enable JavaScript in your browser to complete this form.<\/div><div class=\"wpforms-field-container\"><div id=\"wpforms-44-field_5-container\" class=\"wpforms-field wpforms-field-name\" data-field-id=\"5\"><fieldset><legend class=\"wpforms-field-label\">Ad\u0131 Soyad\u0131 <span class=\"wpforms-required-label\" aria-hidden=\"true\">*<\/span><\/legend><div class=\"wpforms-field-row wpforms-field-medium\"><div class=\"wpforms-field-row-block wpforms-first wpforms-one-half\"><input type=\"text\" id=\"wpforms-44-field_5\" class=\"wpforms-field-name-first wpforms-field-required\" name=\"wpforms[fields][5][first]\" aria-errormessage=\"wpforms-44-field_5-error\" required><label for=\"wpforms-44-field_5\" class=\"wpforms-field-sublabel after\">First<\/label><\/div><div class=\"wpforms-field-row-block wpforms-one-half\"><input type=\"text\" id=\"wpforms-44-field_5-last\" class=\"wpforms-field-name-last wpforms-field-required\" name=\"wpforms[fields][5][last]\" aria-errormessage=\"wpforms-44-field_5-last-error\" required><label for=\"wpforms-44-field_5-last\" class=\"wpforms-field-sublabel after\">Last<\/label><\/div><\/div><\/fieldset><\/div><div id=\"wpforms-44-field_2-container\" class=\"wpforms-field wpforms-field-email\" data-field-id=\"2\"><label class=\"wpforms-field-label\" for=\"wpforms-44-field_2\">E-posta <span class=\"wpforms-required-label\" aria-hidden=\"true\">*<\/span><\/label><input type=\"email\" id=\"wpforms-44-field_2\" class=\"wpforms-field-large wpforms-field-required\" name=\"wpforms[fields][2]\" spellcheck=\"false\" aria-errormessage=\"wpforms-44-field_2-error\" required><\/div>\t\t<div id=\"wpforms-44-field_1-container\"\n\t\t\tclass=\"wpforms-field wpforms-field-text\"\n\t\t\tdata-field-type=\"text\"\n\t\t\tdata-field-id=\"1\"\n\t\t\t>\n\t\t\t<label class=\"wpforms-field-label\" for=\"wpforms-44-field_1\" >Numaras\u0131 Konu E-posta<\/label>\n\t\t\t<input type=\"text\" id=\"wpforms-44-field_1\" class=\"wpforms-field-medium\" name=\"wpforms[fields][1]\" >\n\t\t<\/div>\n\t\t<div id=\"wpforms-44-field_8-container\" class=\"wpforms-field wpforms-field-number\" data-field-id=\"8\"><label class=\"wpforms-field-label\" for=\"wpforms-44-field_8\">Telefon Numaras\u0131 <span class=\"wpforms-required-label\" aria-hidden=\"true\">*<\/span><\/label><input type=\"number\" id=\"wpforms-44-field_8\" class=\"wpforms-field-medium wpforms-field-required\" name=\"wpforms[fields][8]\" step=\"any\" aria-errormessage=\"wpforms-44-field_8-error\" required><\/div><div id=\"wpforms-44-field_3-container\" class=\"wpforms-field wpforms-field-text\" data-field-id=\"3\"><label class=\"wpforms-field-label\" for=\"wpforms-44-field_3\">Konu<\/label><input type=\"text\" id=\"wpforms-44-field_3\" class=\"wpforms-field-large\" name=\"wpforms[fields][3]\" aria-errormessage=\"wpforms-44-field_3-error\" ><\/div><script>\n\t\t\t\t( function() {\n\t\t\t\t\tconst style = document.createElement( 'style' );\n\t\t\t\t\tstyle.appendChild( document.createTextNode( '#wpforms-44-field_1-container { position: absolute !important; overflow: hidden !important; display: inline !important; height: 1px !important; width: 1px !important; z-index: -1000 !important; padding: 0 !important; } #wpforms-44-field_1-container input { visibility: hidden; } #wpforms-conversational-form-page #wpforms-44-field_1-container label { counter-increment: none; }' ) );\n\t\t\t\t\tdocument.head.appendChild( style );\n\t\t\t\t\tdocument.currentScript?.remove();\n\t\t\t\t} )();\n\t\t\t<\/script><\/div><!-- .wpforms-field-container --><div class=\"wpforms-submit-container\" ><input type=\"hidden\" name=\"wpforms[id]\" value=\"44\"><input type=\"hidden\" name=\"page_title\" value=\"\"><input type=\"hidden\" name=\"page_url\" value=\"https:\/\/turhanteknik.com\/en\/wp-json\/wp\/v2\/pages\/197\"><input type=\"hidden\" name=\"url_referer\" value=\"\"><button type=\"submit\" name=\"wpforms[submit]\" id=\"wpforms-submit-44\" class=\"wpforms-submit\" data-alt-text=\"G\u00f6nderiliyor...\" data-submit-text=\"G\u00f6nder\" aria-live=\"assertive\" value=\"wpforms-submit\">G\u00f6nder<\/button><img loading=\"lazy\" decoding=\"async\" src=\"https:\/\/turhanteknik.com\/wp-content\/plugins\/wpforms-lite\/assets\/images\/submit-spin.svg\" class=\"wpforms-submit-spinner\" style=\"display: none;\" width=\"26\" height=\"26\" alt=\"Loading\"><\/div><\/form><\/div>  <!-- .wpforms-container --><\/div>\n<\/div><\/div>\n<\/div>\n","protected":false},"excerpt":{"rendered":"<p>Dayan\u0131kl\u0131 ve Estetik Plastik Borular Turhan Teknik olarak, kaliteli \u00fcr\u00fcn ve m\u00fc\u015fteri memnuniyetini \u00f6n planda tutuyoruz. Plastik boru ve bayrak dire\u011fi alan\u0131nda g\u00fcvenilir \u00e7\u00f6z\u00fcmler sunmay\u0131 ama\u00e7l\u0131yoruz. Kaliteli Plastik ve Masa Bayrak Direkleri Turhan Teknik olarak plastik boru ve bayrak dire\u011fi \u00fcr\u00fcnlerimizi detayl\u0131 inceleyebilir, ihtiya\u00e7lar\u0131n\u0131za uygun \u00e7\u00f6z\u00fcmler i\u00e7in bizimle ileti\u015fime ge\u00e7ebilirsiniz. \u00d6zel \u00dcretim Talepleriniz \u0130\u00e7in Bize [&hellip;]<\/p>\n","protected":false},"author":1,"featured_media":0,"parent":0,"menu_order":0,"comment_status":"closed","ping_status":"closed","template":"page-with-title","meta":{"om_disable_all_campaigns":false,"_monsterinsights_skip_tracking":false,"_monsterinsights_sitenote_active":false,"_monsterinsights_sitenote_note":"","_monsterinsights_sitenote_category":0,"_uf_show_specific_survey":0,"_uf_disable_surveys":false,"footnotes":"[]"},"class_list":["post-197","page","type-page","status-publish","hentry"],"aioseo_notices":[],"jetpack_sharing_enabled":true,"_links":{"self":[{"href":"https:\/\/turhanteknik.com\/en\/wp-json\/wp\/v2\/pages\/197","targetHints":{"allow":["GET"]}}],"collection":[{"href":"https:\/\/turhanteknik.com\/en\/wp-json\/wp\/v2\/pages"}],"about":[{"href":"https:\/\/turhanteknik.com\/en\/wp-json\/wp\/v2\/types\/page"}],"author":[{"embeddable":true,"href":"https:\/\/turhanteknik.com\/en\/wp-json\/wp\/v2\/users\/1"}],"replies":[{"embeddable":true,"href":"https:\/\/turhanteknik.com\/en\/wp-json\/wp\/v2\/comments?post=197"}],"version-history":[{"count":4,"href":"https:\/\/turhanteknik.com\/en\/wp-json\/wp\/v2\/pages\/197\/revisions"}],"predecessor-version":[{"id":281,"href":"https:\/\/turhanteknik.com\/en\/wp-json\/wp\/v2\/pages\/197\/revisions\/281"}],"wp:attachment":[{"href":"https:\/\/turhanteknik.com\/en\/wp-json\/wp\/v2\/media?parent=197"}],"curies":[{"name":"wp","href":"https:\/\/api.w.org\/{rel}","templated":true}]}}